{"id":449,"date":"2018-03-30T15:36:46","date_gmt":"2018-03-30T15:36:46","guid":{"rendered":"http:\/\/www.eticampus.edu\/?page_id=449"},"modified":"2026-01-21T21:22:20","modified_gmt":"2026-01-21T21:22:20","slug":"compete","status":"publish","type":"page","link":"https:\/\/eticampus.edu\/es\/compete\/","title":{"rendered":"Inscripci\u00f3n en el concurso de soldadura"},"content":{"rendered":"<p>Esta es tu oportunidad de demostrar al mundo tus habilidades como soldador. El s\u00e1bado 18 de abril a las 10:00 a. m., ETI celebrar\u00e1 su Concurso Anual de Soldadura en Vivo para estudiantes de secundaria. Es tu oportunidad de ganar premios y, lo que es igual de importante, poder presumir de ello.<\/p>\r\n<p>El ganador del gran premio recibir\u00e1 una beca de matr\u00edcula* de 50% en la Escuela de Oficios ETI. Tambi\u00e9n hay una beca de participaci\u00f3n de $250* solo por competir.<\/p>\r\n<p>LAS PLAZAS SON LIMITADAS. Inscr\u00edbase hoy mismo utilizando el siguiente formulario o llamando al 888-830-7678.<\/p>\r\n<p>Se incluye a los estudiantes de soldadura y HVAC\/R.<\/p><script type=\"text\/javascript\" charset=\"utf-8\" src=\"http:\/\/w.sharethis.com\/widget\/?wp=6.9.1\"><\/script>","protected":false},"excerpt":{"rendered":"<p>Here\u2019s your chance to show the world your welding prowess. At 10 A.M. on Saturday, April 18th, ETI will be hosting our Annual High School Live Welding Competition. It\u2019s your chance to earn prizes, and just as importantly, bragging rights. The grand prize winner will be awarded a 50% tuition scholarship* to ETI School of [&hellip;]<\/p>\n","protected":false},"author":2,"featured_media":0,"parent":0,"menu_order":0,"comment_status":"closed","ping_status":"closed","template":"","meta":{"_acf_changed":false,"footnotes":""},"semantictags":[],"class_list":["post-449","page","type-page","status-publish","hentry"],"acf":[],"_links":{"self":[{"href":"https:\/\/eticampus.edu\/es\/wp-json\/wp\/v2\/pages\/449","targetHints":{"allow":["GET"]}}],"collection":[{"href":"https:\/\/eticampus.edu\/es\/wp-json\/wp\/v2\/pages"}],"about":[{"href":"https:\/\/eticampus.edu\/es\/wp-json\/wp\/v2\/types\/page"}],"author":[{"embeddable":true,"href":"https:\/\/eticampus.edu\/es\/wp-json\/wp\/v2\/users\/2"}],"replies":[{"embeddable":true,"href":"https:\/\/eticampus.edu\/es\/wp-json\/wp\/v2\/comments?post=449"}],"version-history":[{"count":3,"href":"https:\/\/eticampus.edu\/es\/wp-json\/wp\/v2\/pages\/449\/revisions"}],"predecessor-version":[{"id":3725,"href":"https:\/\/eticampus.edu\/es\/wp-json\/wp\/v2\/pages\/449\/revisions\/3725"}],"wp:attachment":[{"href":"https:\/\/eticampus.edu\/es\/wp-json\/wp\/v2\/media?parent=449"}],"wp:term":[{"taxonomy":"semantictags","embeddable":true,"href":"https:\/\/eticampus.edu\/es\/wp-json\/wp\/v2\/semantictags?post=449"}],"curies":[{"name":"wp","href":"https:\/\/api.w.org\/{rel}","templated":true}]}}